{"id":111,"date":"2018-07-01T20:33:24","date_gmt":"2018-07-01T18:33:24","guid":{"rendered":"http:\/\/orient-troyes.fr\/?page_id=111"},"modified":"2023-02-07T21:31:41","modified_gmt":"2023-02-07T20:31:41","slug":"grand-orient-de-france","status":"publish","type":"page","link":"https:\/\/francsmacons-troyes.fr\/index.php\/grand-orient-de-france\/","title":{"rendered":"Grand Orient de France"},"content":{"rendered":"<p><img decoding=\"async\" loading=\"lazy\" class=\"size-full wp-image-167 aligncenter\" src=\"http:\/\/orient-troyes.fr\/wp-content\/uploads\/2018\/07\/index.png\" alt=\"\" width=\"225\" height=\"224\" srcset=\"https:\/\/francsmacons-troyes.fr\/wp-content\/uploads\/2018\/07\/index.png 225w, https:\/\/francsmacons-troyes.fr\/wp-content\/uploads\/2018\/07\/index-150x150.png 150w\" sizes=\"(max-width: 225px) 100vw, 225px\" \/><\/p>\n<p>Le Grand Orient de France est une des Ob\u00e9diences de la Franc Ma\u00e7onnerie. Il administre ainsi une F\u00e9d\u00e9ration de Loges et assure leur coordination pour un travail commun tant symbolique que soci\u00e9tal.<\/p>\n<p>Si vous voulez en savoir plus :\u00a0<a href=\"https:\/\/www.youtube.com\/watch?v=WWNdhuQF5DQ\" target=\"_blank\" rel=\"noopener\">Le Grand Orient de France : 3 si\u00e8cles d&rsquo;histoire<\/a><\/p>\n<p style=\"text-align: center;\"><a href=\"http:\/\/www.godf.org\/\" target=\"_blank\" rel=\"noopener\">http:\/\/www.godf.org\/<\/a><\/p>\n","protected":false},"excerpt":{"rendered":"<p>Le Grand Orient de France est une des Ob\u00e9diences de la Franc Ma\u00e7onnerie. Il administre ainsi une F\u00e9d\u00e9ration de Loges et assure leur coordination pour un travail commun tant symbolique que soci\u00e9tal. Si vous voulez en savoir plus :\u00a0Le Grand Orient de France : 3 si\u00e8cles d&rsquo;histoire http:\/\/www.godf.org\/<\/p>\n","protected":false},"author":2,"featured_media":0,"parent":0,"menu_order":0,"comment_status":"closed","ping_status":"closed","template":"","meta":[],"yoast_head":"<!-- This site is optimized with the Yoast SEO plugin v19.14 - https:\/\/yoast.com\/wordpress\/plugins\/seo\/ -->\n<title>Lien vers le grand Orient de France (ob\u00e9dience maconnique)<\/title>\n<meta name=\"description\" content=\"Page permettant d&#039;envoyer le visiteur vers le site priv\u00e9 du Grand orient de france (Ob\u00e9dience Maconnique). Lien inclu dans la page\" \/>\n<meta name=\"robots\" content=\"index, follow, max-snippet:-1, max-image-preview:large, max-video-preview:-1\" \/>\n<link rel=\"canonical\" href=\"https:\/\/francsmacons-troyes.fr\/index.php\/grand-orient-de-france\/\" \/>\n<meta property=\"og:locale\" content=\"fr_FR\" \/>\n<meta property=\"og:type\" content=\"article\" \/>\n<meta property=\"og:title\" content=\"Lien vers le grand Orient de France (ob\u00e9dience maconnique)\" \/>\n<meta property=\"og:description\" content=\"Page permettant d&#039;envoyer le visiteur vers le site priv\u00e9 du Grand orient de france (Ob\u00e9dience Maconnique). Lien inclu dans la page\" \/>\n<meta property=\"og:url\" content=\"https:\/\/francsmacons-troyes.fr\/index.php\/grand-orient-de-france\/\" \/>\n<meta property=\"og:site_name\" content=\"Grand Orient de France \u00e0 Troyes\" \/>\n<meta property=\"article:modified_time\" content=\"2023-02-07T20:31:41+00:00\" \/>\n<meta property=\"og:image\" content=\"http:\/\/orient-troyes.fr\/wp-content\/uploads\/2018\/07\/index.png\" \/>\n<meta name=\"twitter:card\" content=\"summary_large_image\" \/>\n<meta name=\"twitter:label1\" content=\"Dur\u00e9e de lecture estim\u00e9e\" \/>\n\t<meta name=\"twitter:data1\" content=\"1 minute\" \/>\n<script type=\"application\/ld+json\" class=\"yoast-schema-graph\">{\"@context\":\"https:\/\/schema.org\",\"@graph\":[{\"@type\":\"WebPage\",\"@id\":\"https:\/\/francsmacons-troyes.fr\/index.php\/grand-orient-de-france\/\",\"url\":\"https:\/\/francsmacons-troyes.fr\/index.php\/grand-orient-de-france\/\",\"name\":\"Lien vers le grand Orient de France (ob\u00e9dience maconnique)\",\"isPartOf\":{\"@id\":\"https:\/\/francsmacons-troyes.fr\/#website\"},\"datePublished\":\"2018-07-01T18:33:24+00:00\",\"dateModified\":\"2023-02-07T20:31:41+00:00\",\"description\":\"Page permettant d'envoyer le visiteur vers le site priv\u00e9 du Grand orient de france (Ob\u00e9dience Maconnique). Lien inclu dans la page\",\"breadcrumb\":{\"@id\":\"https:\/\/francsmacons-troyes.fr\/index.php\/grand-orient-de-france\/#breadcrumb\"},\"inLanguage\":\"fr-FR\",\"potentialAction\":[{\"@type\":\"ReadAction\",\"target\":[\"https:\/\/francsmacons-troyes.fr\/index.php\/grand-orient-de-france\/\"]}]},{\"@type\":\"BreadcrumbList\",\"@id\":\"https:\/\/francsmacons-troyes.fr\/index.php\/grand-orient-de-france\/#breadcrumb\",\"itemListElement\":[{\"@type\":\"ListItem\",\"position\":1,\"name\":\"Accueil\",\"item\":\"https:\/\/francsmacons-troyes.fr\/\"},{\"@type\":\"ListItem\",\"position\":2,\"name\":\"Grand Orient de France\"}]},{\"@type\":\"WebSite\",\"@id\":\"https:\/\/francsmacons-troyes.fr\/#website\",\"url\":\"https:\/\/francsmacons-troyes.fr\/\",\"name\":\"Grand Orient de France \u00e0 Troyes\",\"description\":\"Les Loges Sine Cera, Imagine et l&#039;Aurore Sociale  vous accueillent\",\"publisher\":{\"@id\":\"https:\/\/francsmacons-troyes.fr\/#organization\"},\"potentialAction\":[{\"@type\":\"SearchAction\",\"target\":{\"@type\":\"EntryPoint\",\"urlTemplate\":\"https:\/\/francsmacons-troyes.fr\/?s={search_term_string}\"},\"query-input\":\"required name=search_term_string\"}],\"inLanguage\":\"fr-FR\"},{\"@type\":\"Organization\",\"@id\":\"https:\/\/francsmacons-troyes.fr\/#organization\",\"name\":\"Francs Ma\u00e7on de Troyes\",\"url\":\"https:\/\/francsmacons-troyes.fr\/\",\"logo\":{\"@type\":\"ImageObject\",\"inLanguage\":\"fr-FR\",\"@id\":\"https:\/\/francsmacons-troyes.fr\/#\/schema\/logo\/image\/\",\"url\":\"http:\/\/francsmacons-troyes.fr\/wp-content\/uploads\/2018\/07\/09-A-02.jpg\",\"contentUrl\":\"http:\/\/francsmacons-troyes.fr\/wp-content\/uploads\/2018\/07\/09-A-02.jpg\",\"width\":980,\"height\":977,\"caption\":\"Francs Ma\u00e7on de Troyes\"},\"image\":{\"@id\":\"https:\/\/francsmacons-troyes.fr\/#\/schema\/logo\/image\/\"}}]}<\/script>\n<!-- \/ Yoast SEO plugin. -->","yoast_head_json":{"title":"Lien vers le grand Orient de France (ob\u00e9dience maconnique)","description":"Page permettant d'envoyer le visiteur vers le site priv\u00e9 du Grand orient de france (Ob\u00e9dience Maconnique). Lien inclu dans la page","robots":{"index":"index","follow":"follow","max-snippet":"max-snippet:-1","max-image-preview":"max-image-preview:large","max-video-preview":"max-video-preview:-1"},"canonical":"https:\/\/francsmacons-troyes.fr\/index.php\/grand-orient-de-france\/","og_locale":"fr_FR","og_type":"article","og_title":"Lien vers le grand Orient de France (ob\u00e9dience maconnique)","og_description":"Page permettant d'envoyer le visiteur vers le site priv\u00e9 du Grand orient de france (Ob\u00e9dience Maconnique). Lien inclu dans la page","og_url":"https:\/\/francsmacons-troyes.fr\/index.php\/grand-orient-de-france\/","og_site_name":"Grand Orient de France \u00e0 Troyes","article_modified_time":"2023-02-07T20:31:41+00:00","og_image":[{"url":"http:\/\/orient-troyes.fr\/wp-content\/uploads\/2018\/07\/index.png"}],"twitter_card":"summary_large_image","twitter_misc":{"Dur\u00e9e de lecture estim\u00e9e":"1 minute"},"schema":{"@context":"https:\/\/schema.org","@graph":[{"@type":"WebPage","@id":"https:\/\/francsmacons-troyes.fr\/index.php\/grand-orient-de-france\/","url":"https:\/\/francsmacons-troyes.fr\/index.php\/grand-orient-de-france\/","name":"Lien vers le grand Orient de France (ob\u00e9dience maconnique)","isPartOf":{"@id":"https:\/\/francsmacons-troyes.fr\/#website"},"datePublished":"2018-07-01T18:33:24+00:00","dateModified":"2023-02-07T20:31:41+00:00","description":"Page permettant d'envoyer le visiteur vers le site priv\u00e9 du Grand orient de france (Ob\u00e9dience Maconnique). Lien inclu dans la page","breadcrumb":{"@id":"https:\/\/francsmacons-troyes.fr\/index.php\/grand-orient-de-france\/#breadcrumb"},"inLanguage":"fr-FR","potentialAction":[{"@type":"ReadAction","target":["https:\/\/francsmacons-troyes.fr\/index.php\/grand-orient-de-france\/"]}]},{"@type":"BreadcrumbList","@id":"https:\/\/francsmacons-troyes.fr\/index.php\/grand-orient-de-france\/#breadcrumb","itemListElement":[{"@type":"ListItem","position":1,"name":"Accueil","item":"https:\/\/francsmacons-troyes.fr\/"},{"@type":"ListItem","position":2,"name":"Grand Orient de France"}]},{"@type":"WebSite","@id":"https:\/\/francsmacons-troyes.fr\/#website","url":"https:\/\/francsmacons-troyes.fr\/","name":"Grand Orient de France \u00e0 Troyes","description":"Les Loges Sine Cera, Imagine et l&#039;Aurore Sociale  vous accueillent","publisher":{"@id":"https:\/\/francsmacons-troyes.fr\/#organization"},"potentialAction":[{"@type":"SearchAction","target":{"@type":"EntryPoint","urlTemplate":"https:\/\/francsmacons-troyes.fr\/?s={search_term_string}"},"query-input":"required name=search_term_string"}],"inLanguage":"fr-FR"},{"@type":"Organization","@id":"https:\/\/francsmacons-troyes.fr\/#organization","name":"Francs Ma\u00e7on de Troyes","url":"https:\/\/francsmacons-troyes.fr\/","logo":{"@type":"ImageObject","inLanguage":"fr-FR","@id":"https:\/\/francsmacons-troyes.fr\/#\/schema\/logo\/image\/","url":"http:\/\/francsmacons-troyes.fr\/wp-content\/uploads\/2018\/07\/09-A-02.jpg","contentUrl":"http:\/\/francsmacons-troyes.fr\/wp-content\/uploads\/2018\/07\/09-A-02.jpg","width":980,"height":977,"caption":"Francs Ma\u00e7on de Troyes"},"image":{"@id":"https:\/\/francsmacons-troyes.fr\/#\/schema\/logo\/image\/"}}]}},"_links":{"self":[{"href":"https:\/\/francsmacons-troyes.fr\/index.php\/wp-json\/wp\/v2\/pages\/111"}],"collection":[{"href":"https:\/\/francsmacons-troyes.fr\/index.php\/wp-json\/wp\/v2\/pages"}],"about":[{"href":"https:\/\/francsmacons-troyes.fr\/index.php\/wp-json\/wp\/v2\/types\/page"}],"author":[{"embeddable":true,"href":"https:\/\/francsmacons-troyes.fr\/index.php\/wp-json\/wp\/v2\/users\/2"}],"replies":[{"embeddable":true,"href":"https:\/\/francsmacons-troyes.fr\/index.php\/wp-json\/wp\/v2\/comments?post=111"}],"version-history":[{"count":5,"href":"https:\/\/francsmacons-troyes.fr\/index.php\/wp-json\/wp\/v2\/pages\/111\/revisions"}],"predecessor-version":[{"id":285,"href":"https:\/\/francsmacons-troyes.fr\/index.php\/wp-json\/wp\/v2\/pages\/111\/revisions\/285"}],"wp:attachment":[{"href":"https:\/\/francsmacons-troyes.fr\/index.php\/wp-json\/wp\/v2\/media?parent=111"}],"curies":[{"name":"wp","href":"https:\/\/api.w.org\/{rel}","templated":true}]}}