{"id":115,"date":"2018-07-01T20:34:00","date_gmt":"2018-07-01T18:34:00","guid":{"rendered":"http:\/\/orient-troyes.fr\/?page_id=115"},"modified":"2019-02-07T10:55:27","modified_gmt":"2019-02-07T09:55:27","slug":"loge-imagine","status":"publish","type":"page","link":"https:\/\/francsmacons-troyes.fr\/index.php\/loge-imagine\/","title":{"rendered":"Loge Imagine"},"content":{"rendered":"<p>La Loge \u00ab Imagine \u00bb, du Grand Orient de France, est n\u00e9e le 10 juin 1998 \u00e0 Troyes.<\/p>\n<p>Cette Loge se caract\u00e9rise par sa volont\u00e9 d\u2019\u00e9change, d\u2019\u00e9coute, de libre expression, d\u2019imagination et de fraternit\u00e9. Elle a pour but l&rsquo;\u00e9panouissement mutuel et le rayonnement des valeurs ma\u00e7onniques<\/p>\n<p>Les S\u0153urs et les Fr\u00e8res de la Loge conviennent de se r\u00e9unir r\u00e9guli\u00e8rement pour exprimer leurs interrogations, pr\u00e9occupations ou m\u00eame leurs doutes. Bien entendu,si faire se peut, pour ensemble y r\u00e9pondre.<\/p>\n<p>En confrontant id\u00e9es, connaissances, exp\u00e9riences, ils forment le v\u0153u de s\u2019affranchir des id\u00e9es re\u00e7ues et des scories dogmatiques, en s\u2019enrichissant de points de vue multiples.<\/p>\n<p>S\u00fbrs d\u2019adh\u00e9rer \u00e0 de m\u00eames hauts principes fondamentaux, ils revendiquent une expression audacieuse et sans la moindre censure.<br \/>\nLa fraternit\u00e9, qui doit r\u00e9gner entre tous, est la garantie de travaux fructueux et de respect mutuel.<br \/>\nL\u2019adh\u00e9sion sans r\u00e9serve \u00e0 ces valeurs doit permettre \u00e0 chacun et chacune de devenir des exemples, tant sur le plan ma\u00e7onnique que profane.<\/p>\n","protected":false},"excerpt":{"rendered":"<p>La Loge \u00ab Imagine \u00bb, du Grand Orient de France, est n\u00e9e le 10 juin 1998 \u00e0 Troyes. Cette Loge se caract\u00e9rise par sa volont\u00e9 d\u2019\u00e9change, d\u2019\u00e9coute, de libre expression, d\u2019imagination et de fraternit\u00e9. Elle a pour but l&rsquo;\u00e9panouissement mutuel et le rayonnement des valeurs ma\u00e7onniques Les S\u0153urs et les Fr\u00e8res de la Loge conviennent &#8230; <a title=\"Loge Imagine\" class=\"read-more\" href=\"https:\/\/francsmacons-troyes.fr\/index.php\/loge-imagine\/\" aria-label=\"En savoir plus sur Loge Imagine\">Lire la suite<\/a><\/p>\n","protected":false},"author":2,"featured_media":0,"parent":0,"menu_order":0,"comment_status":"closed","ping_status":"closed","template":"","meta":[],"yoast_head":"<!-- This site is optimized with the Yoast SEO plugin v19.14 - https:\/\/yoast.com\/wordpress\/plugins\/seo\/ -->\n<title>Historique de la Loge Imagine du grand orient de france<\/title>\n<meta name=\"description\" content=\"Page qui permet de rappeler rapidement l&#039;historique de la Loge imagine \u00e0 l&#039;Orient de Troyes, Loge du grand orient de France.\" \/>\n<meta name=\"robots\" content=\"index, follow, max-snippet:-1, max-image-preview:large, max-video-preview:-1\" \/>\n<link rel=\"canonical\" href=\"https:\/\/francsmacons-troyes.fr\/index.php\/loge-imagine\/\" \/>\n<meta property=\"og:locale\" content=\"fr_FR\" \/>\n<meta property=\"og:type\" content=\"article\" \/>\n<meta property=\"og:title\" content=\"Historique de la Loge Imagine du grand orient de france\" \/>\n<meta property=\"og:description\" content=\"Page qui permet de rappeler rapidement l&#039;historique de la Loge imagine \u00e0 l&#039;Orient de Troyes, Loge du grand orient de France.\" \/>\n<meta property=\"og:url\" content=\"https:\/\/francsmacons-troyes.fr\/index.php\/loge-imagine\/\" \/>\n<meta property=\"og:site_name\" content=\"Grand Orient de France \u00e0 Troyes\" \/>\n<meta property=\"article:modified_time\" content=\"2019-02-07T09:55:27+00:00\" \/>\n<meta name=\"twitter:card\" content=\"summary_large_image\" \/>\n<meta name=\"twitter:label1\" content=\"Dur\u00e9e de lecture estim\u00e9e\" \/>\n\t<meta name=\"twitter:data1\" content=\"1 minute\" \/>\n<script type=\"application\/ld+json\" class=\"yoast-schema-graph\">{\"@context\":\"https:\/\/schema.org\",\"@graph\":[{\"@type\":\"WebPage\",\"@id\":\"https:\/\/francsmacons-troyes.fr\/index.php\/loge-imagine\/\",\"url\":\"https:\/\/francsmacons-troyes.fr\/index.php\/loge-imagine\/\",\"name\":\"Historique de la Loge Imagine du grand orient de france\",\"isPartOf\":{\"@id\":\"https:\/\/francsmacons-troyes.fr\/#website\"},\"datePublished\":\"2018-07-01T18:34:00+00:00\",\"dateModified\":\"2019-02-07T09:55:27+00:00\",\"description\":\"Page qui permet de rappeler rapidement l'historique de la Loge imagine \u00e0 l'Orient de Troyes, Loge du grand orient de France.\",\"breadcrumb\":{\"@id\":\"https:\/\/francsmacons-troyes.fr\/index.php\/loge-imagine\/#breadcrumb\"},\"inLanguage\":\"fr-FR\",\"potentialAction\":[{\"@type\":\"ReadAction\",\"target\":[\"https:\/\/francsmacons-troyes.fr\/index.php\/loge-imagine\/\"]}]},{\"@type\":\"BreadcrumbList\",\"@id\":\"https:\/\/francsmacons-troyes.fr\/index.php\/loge-imagine\/#breadcrumb\",\"itemListElement\":[{\"@type\":\"ListItem\",\"position\":1,\"name\":\"Accueil\",\"item\":\"https:\/\/francsmacons-troyes.fr\/\"},{\"@type\":\"ListItem\",\"position\":2,\"name\":\"Loge Imagine\"}]},{\"@type\":\"WebSite\",\"@id\":\"https:\/\/francsmacons-troyes.fr\/#website\",\"url\":\"https:\/\/francsmacons-troyes.fr\/\",\"name\":\"Grand Orient de France \u00e0 Troyes\",\"description\":\"Les Loges Sine Cera, Imagine et l&#039;Aurore Sociale  vous accueillent\",\"publisher\":{\"@id\":\"https:\/\/francsmacons-troyes.fr\/#organization\"},\"potentialAction\":[{\"@type\":\"SearchAction\",\"target\":{\"@type\":\"EntryPoint\",\"urlTemplate\":\"https:\/\/francsmacons-troyes.fr\/?s={search_term_string}\"},\"query-input\":\"required name=search_term_string\"}],\"inLanguage\":\"fr-FR\"},{\"@type\":\"Organization\",\"@id\":\"https:\/\/francsmacons-troyes.fr\/#organization\",\"name\":\"Francs Ma\u00e7on de Troyes\",\"url\":\"https:\/\/francsmacons-troyes.fr\/\",\"logo\":{\"@type\":\"ImageObject\",\"inLanguage\":\"fr-FR\",\"@id\":\"https:\/\/francsmacons-troyes.fr\/#\/schema\/logo\/image\/\",\"url\":\"http:\/\/francsmacons-troyes.fr\/wp-content\/uploads\/2018\/07\/09-A-02.jpg\",\"contentUrl\":\"http:\/\/francsmacons-troyes.fr\/wp-content\/uploads\/2018\/07\/09-A-02.jpg\",\"width\":980,\"height\":977,\"caption\":\"Francs Ma\u00e7on de Troyes\"},\"image\":{\"@id\":\"https:\/\/francsmacons-troyes.fr\/#\/schema\/logo\/image\/\"}}]}<\/script>\n<!-- \/ Yoast SEO plugin. -->","yoast_head_json":{"title":"Historique de la Loge Imagine du grand orient de france","description":"Page qui permet de rappeler rapidement l'historique de la Loge imagine \u00e0 l'Orient de Troyes, Loge du grand orient de France.","robots":{"index":"index","follow":"follow","max-snippet":"max-snippet:-1","max-image-preview":"max-image-preview:large","max-video-preview":"max-video-preview:-1"},"canonical":"https:\/\/francsmacons-troyes.fr\/index.php\/loge-imagine\/","og_locale":"fr_FR","og_type":"article","og_title":"Historique de la Loge Imagine du grand orient de france","og_description":"Page qui permet de rappeler rapidement l'historique de la Loge imagine \u00e0 l'Orient de Troyes, Loge du grand orient de France.","og_url":"https:\/\/francsmacons-troyes.fr\/index.php\/loge-imagine\/","og_site_name":"Grand Orient de France \u00e0 Troyes","article_modified_time":"2019-02-07T09:55:27+00:00","twitter_card":"summary_large_image","twitter_misc":{"Dur\u00e9e de lecture estim\u00e9e":"1 minute"},"schema":{"@context":"https:\/\/schema.org","@graph":[{"@type":"WebPage","@id":"https:\/\/francsmacons-troyes.fr\/index.php\/loge-imagine\/","url":"https:\/\/francsmacons-troyes.fr\/index.php\/loge-imagine\/","name":"Historique de la Loge Imagine du grand orient de france","isPartOf":{"@id":"https:\/\/francsmacons-troyes.fr\/#website"},"datePublished":"2018-07-01T18:34:00+00:00","dateModified":"2019-02-07T09:55:27+00:00","description":"Page qui permet de rappeler rapidement l'historique de la Loge imagine \u00e0 l'Orient de Troyes, Loge du grand orient de France.","breadcrumb":{"@id":"https:\/\/francsmacons-troyes.fr\/index.php\/loge-imagine\/#breadcrumb"},"inLanguage":"fr-FR","potentialAction":[{"@type":"ReadAction","target":["https:\/\/francsmacons-troyes.fr\/index.php\/loge-imagine\/"]}]},{"@type":"BreadcrumbList","@id":"https:\/\/francsmacons-troyes.fr\/index.php\/loge-imagine\/#breadcrumb","itemListElement":[{"@type":"ListItem","position":1,"name":"Accueil","item":"https:\/\/francsmacons-troyes.fr\/"},{"@type":"ListItem","position":2,"name":"Loge Imagine"}]},{"@type":"WebSite","@id":"https:\/\/francsmacons-troyes.fr\/#website","url":"https:\/\/francsmacons-troyes.fr\/","name":"Grand Orient de France \u00e0 Troyes","description":"Les Loges Sine Cera, Imagine et l&#039;Aurore Sociale  vous accueillent","publisher":{"@id":"https:\/\/francsmacons-troyes.fr\/#organization"},"potentialAction":[{"@type":"SearchAction","target":{"@type":"EntryPoint","urlTemplate":"https:\/\/francsmacons-troyes.fr\/?s={search_term_string}"},"query-input":"required name=search_term_string"}],"inLanguage":"fr-FR"},{"@type":"Organization","@id":"https:\/\/francsmacons-troyes.fr\/#organization","name":"Francs Ma\u00e7on de Troyes","url":"https:\/\/francsmacons-troyes.fr\/","logo":{"@type":"ImageObject","inLanguage":"fr-FR","@id":"https:\/\/francsmacons-troyes.fr\/#\/schema\/logo\/image\/","url":"http:\/\/francsmacons-troyes.fr\/wp-content\/uploads\/2018\/07\/09-A-02.jpg","contentUrl":"http:\/\/francsmacons-troyes.fr\/wp-content\/uploads\/2018\/07\/09-A-02.jpg","width":980,"height":977,"caption":"Francs Ma\u00e7on de Troyes"},"image":{"@id":"https:\/\/francsmacons-troyes.fr\/#\/schema\/logo\/image\/"}}]}},"_links":{"self":[{"href":"https:\/\/francsmacons-troyes.fr\/index.php\/wp-json\/wp\/v2\/pages\/115"}],"collection":[{"href":"https:\/\/francsmacons-troyes.fr\/index.php\/wp-json\/wp\/v2\/pages"}],"about":[{"href":"https:\/\/francsmacons-troyes.fr\/index.php\/wp-json\/wp\/v2\/types\/page"}],"author":[{"embeddable":true,"href":"https:\/\/francsmacons-troyes.fr\/index.php\/wp-json\/wp\/v2\/users\/2"}],"replies":[{"embeddable":true,"href":"https:\/\/francsmacons-troyes.fr\/index.php\/wp-json\/wp\/v2\/comments?post=115"}],"version-history":[{"count":10,"href":"https:\/\/francsmacons-troyes.fr\/index.php\/wp-json\/wp\/v2\/pages\/115\/revisions"}],"predecessor-version":[{"id":236,"href":"https:\/\/francsmacons-troyes.fr\/index.php\/wp-json\/wp\/v2\/pages\/115\/revisions\/236"}],"wp:attachment":[{"href":"https:\/\/francsmacons-troyes.fr\/index.php\/wp-json\/wp\/v2\/media?parent=115"}],"curies":[{"name":"wp","href":"https:\/\/api.w.org\/{rel}","templated":true}]}}