{"id":117,"date":"2018-07-01T20:34:20","date_gmt":"2018-07-01T18:34:20","guid":{"rendered":"http:\/\/orient-troyes.fr\/?page_id=117"},"modified":"2018-08-26T21:47:39","modified_gmt":"2018-08-26T19:47:39","slug":"nos-valeurs","status":"publish","type":"page","link":"https:\/\/francsmacons-troyes.fr\/index.php\/nos-valeurs\/","title":{"rendered":"Nos Valeurs"},"content":{"rendered":"<p><strong>Valeurs du Grand Orient de France :\u00a0<\/strong>Le Grand Orient de France est une ob\u00e9dience marqu\u00e9e par des valeurs fortes appliqu\u00e9es \u00e0 faire avancer<br \/>\nconcr\u00e8tement la soci\u00e9t\u00e9. Ainsi, la Constitution du GODF, rappelle tr\u00e8s concr\u00e8tement ces valeurs dans son article 1 er \u00a0:<\/p>\n<p>\u00ab Institution essentiellement philanthropique, philosophique et progressive, la Franc-ma\u00e7onnerie a pour objet la recherche de la<br \/>\nv\u00e9rit\u00e9, l\u2019\u00e9tude de la morale et la pratique de la solidarit\u00e9. Elle travaille \u00e0 l\u2019am\u00e9lioration mat\u00e9rielle et morale, au<br \/>\nperfectionnement intellectuel et social de l\u2019humanit\u00e9.<br \/>\nElle a pour principes la tol\u00e9rance mutuelle, le respect des autres et de soi-m\u00eame, la libert\u00e9 absolue de conscience.<br \/>\nConsid\u00e9rant les conceptions m\u00e9taphysiques comme \u00e9tant du domaine exclusif de l\u2019appr\u00e9ciation individuelle de ses membres, elle se refuse \u00e0 toute affirmation dogmatique. Elle attache une importance fondamentale \u00e0 la La\u00efcit\u00e9.<br \/>\nLa Franc-ma\u00e7onnerie a pour devise : Libert\u00e9, \u00c9galit\u00e9, Fraternit\u00e9. \u00bb<\/p>\n<p>Aussi, les Loges troyennes SINE CERA et IMAGINE s\u2019appliquent \u00e0 incarner ces valeurs en actes en offrant un lieu de r\u00e9flexion personnel et collectif, ouvert sur les grands enjeux de l\u2019\u00e9poque et impliqu\u00e9 dans la soci\u00e9t\u00e9 avec pour horizon l\u2019id\u00e9al r\u00e9publicain.<\/p>\n","protected":false},"excerpt":{"rendered":"<p>Valeurs du Grand Orient de France :\u00a0Le Grand Orient de France est une ob\u00e9dience marqu\u00e9e par des valeurs fortes appliqu\u00e9es \u00e0 faire avancer concr\u00e8tement la soci\u00e9t\u00e9. Ainsi, la Constitution du GODF, rappelle tr\u00e8s concr\u00e8tement ces valeurs dans son article 1 er \u00a0: \u00ab Institution essentiellement philanthropique, philosophique et progressive, la Franc-ma\u00e7onnerie a pour objet la &#8230; <a title=\"Nos Valeurs\" class=\"read-more\" href=\"https:\/\/francsmacons-troyes.fr\/index.php\/nos-valeurs\/\" aria-label=\"En savoir plus sur Nos Valeurs\">Lire la suite<\/a><\/p>\n","protected":false},"author":2,"featured_media":0,"parent":0,"menu_order":0,"comment_status":"closed","ping_status":"closed","template":"","meta":[],"yoast_head":"<!-- This site is optimized with the Yoast SEO plugin v19.14 - https:\/\/yoast.com\/wordpress\/plugins\/seo\/ -->\n<title>Valeurs du premier article de la consitution du Grand orient<\/title>\n<meta name=\"description\" content=\"Description des valeurs maconniques mises en avant dans l&#039;article premier de la constitution du Grand orient de France et leur application\" \/>\n<meta name=\"robots\" content=\"index, follow, max-snippet:-1, max-image-preview:large, max-video-preview:-1\" \/>\n<link rel=\"canonical\" href=\"https:\/\/francsmacons-troyes.fr\/index.php\/nos-valeurs\/\" \/>\n<meta property=\"og:locale\" content=\"fr_FR\" \/>\n<meta property=\"og:type\" content=\"article\" \/>\n<meta property=\"og:title\" content=\"Valeurs du premier article de la consitution du Grand orient\" \/>\n<meta property=\"og:description\" content=\"Description des valeurs maconniques mises en avant dans l&#039;article premier de la constitution du Grand orient de France et leur application\" \/>\n<meta property=\"og:url\" content=\"https:\/\/francsmacons-troyes.fr\/index.php\/nos-valeurs\/\" \/>\n<meta property=\"og:site_name\" content=\"Grand Orient de France \u00e0 Troyes\" \/>\n<meta property=\"article:modified_time\" content=\"2018-08-26T19:47:39+00:00\" \/>\n<meta name=\"twitter:card\" content=\"summary_large_image\" \/>\n<meta name=\"twitter:label1\" content=\"Dur\u00e9e de lecture estim\u00e9e\" \/>\n\t<meta name=\"twitter:data1\" content=\"1 minute\" \/>\n<script type=\"application\/ld+json\" class=\"yoast-schema-graph\">{\"@context\":\"https:\/\/schema.org\",\"@graph\":[{\"@type\":\"WebPage\",\"@id\":\"https:\/\/francsmacons-troyes.fr\/index.php\/nos-valeurs\/\",\"url\":\"https:\/\/francsmacons-troyes.fr\/index.php\/nos-valeurs\/\",\"name\":\"Valeurs du premier article de la consitution du Grand orient\",\"isPartOf\":{\"@id\":\"https:\/\/francsmacons-troyes.fr\/#website\"},\"datePublished\":\"2018-07-01T18:34:20+00:00\",\"dateModified\":\"2018-08-26T19:47:39+00:00\",\"description\":\"Description des valeurs maconniques mises en avant dans l'article premier de la constitution du Grand orient de France et leur application\",\"breadcrumb\":{\"@id\":\"https:\/\/francsmacons-troyes.fr\/index.php\/nos-valeurs\/#breadcrumb\"},\"inLanguage\":\"fr-FR\",\"potentialAction\":[{\"@type\":\"ReadAction\",\"target\":[\"https:\/\/francsmacons-troyes.fr\/index.php\/nos-valeurs\/\"]}]},{\"@type\":\"BreadcrumbList\",\"@id\":\"https:\/\/francsmacons-troyes.fr\/index.php\/nos-valeurs\/#breadcrumb\",\"itemListElement\":[{\"@type\":\"ListItem\",\"position\":1,\"name\":\"Accueil\",\"item\":\"https:\/\/francsmacons-troyes.fr\/\"},{\"@type\":\"ListItem\",\"position\":2,\"name\":\"Nos Valeurs\"}]},{\"@type\":\"WebSite\",\"@id\":\"https:\/\/francsmacons-troyes.fr\/#website\",\"url\":\"https:\/\/francsmacons-troyes.fr\/\",\"name\":\"Grand Orient de France \u00e0 Troyes\",\"description\":\"Les Loges Sine Cera, Imagine et l&#039;Aurore Sociale  vous accueillent\",\"publisher\":{\"@id\":\"https:\/\/francsmacons-troyes.fr\/#organization\"},\"potentialAction\":[{\"@type\":\"SearchAction\",\"target\":{\"@type\":\"EntryPoint\",\"urlTemplate\":\"https:\/\/francsmacons-troyes.fr\/?s={search_term_string}\"},\"query-input\":\"required name=search_term_string\"}],\"inLanguage\":\"fr-FR\"},{\"@type\":\"Organization\",\"@id\":\"https:\/\/francsmacons-troyes.fr\/#organization\",\"name\":\"Francs Ma\u00e7on de Troyes\",\"url\":\"https:\/\/francsmacons-troyes.fr\/\",\"logo\":{\"@type\":\"ImageObject\",\"inLanguage\":\"fr-FR\",\"@id\":\"https:\/\/francsmacons-troyes.fr\/#\/schema\/logo\/image\/\",\"url\":\"http:\/\/francsmacons-troyes.fr\/wp-content\/uploads\/2018\/07\/09-A-02.jpg\",\"contentUrl\":\"http:\/\/francsmacons-troyes.fr\/wp-content\/uploads\/2018\/07\/09-A-02.jpg\",\"width\":980,\"height\":977,\"caption\":\"Francs Ma\u00e7on de Troyes\"},\"image\":{\"@id\":\"https:\/\/francsmacons-troyes.fr\/#\/schema\/logo\/image\/\"}}]}<\/script>\n<!-- \/ Yoast SEO plugin. -->","yoast_head_json":{"title":"Valeurs du premier article de la consitution du Grand orient","description":"Description des valeurs maconniques mises en avant dans l'article premier de la constitution du Grand orient de France et leur application","robots":{"index":"index","follow":"follow","max-snippet":"max-snippet:-1","max-image-preview":"max-image-preview:large","max-video-preview":"max-video-preview:-1"},"canonical":"https:\/\/francsmacons-troyes.fr\/index.php\/nos-valeurs\/","og_locale":"fr_FR","og_type":"article","og_title":"Valeurs du premier article de la consitution du Grand orient","og_description":"Description des valeurs maconniques mises en avant dans l'article premier de la constitution du Grand orient de France et leur application","og_url":"https:\/\/francsmacons-troyes.fr\/index.php\/nos-valeurs\/","og_site_name":"Grand Orient de France \u00e0 Troyes","article_modified_time":"2018-08-26T19:47:39+00:00","twitter_card":"summary_large_image","twitter_misc":{"Dur\u00e9e de lecture estim\u00e9e":"1 minute"},"schema":{"@context":"https:\/\/schema.org","@graph":[{"@type":"WebPage","@id":"https:\/\/francsmacons-troyes.fr\/index.php\/nos-valeurs\/","url":"https:\/\/francsmacons-troyes.fr\/index.php\/nos-valeurs\/","name":"Valeurs du premier article de la consitution du Grand orient","isPartOf":{"@id":"https:\/\/francsmacons-troyes.fr\/#website"},"datePublished":"2018-07-01T18:34:20+00:00","dateModified":"2018-08-26T19:47:39+00:00","description":"Description des valeurs maconniques mises en avant dans l'article premier de la constitution du Grand orient de France et leur application","breadcrumb":{"@id":"https:\/\/francsmacons-troyes.fr\/index.php\/nos-valeurs\/#breadcrumb"},"inLanguage":"fr-FR","potentialAction":[{"@type":"ReadAction","target":["https:\/\/francsmacons-troyes.fr\/index.php\/nos-valeurs\/"]}]},{"@type":"BreadcrumbList","@id":"https:\/\/francsmacons-troyes.fr\/index.php\/nos-valeurs\/#breadcrumb","itemListElement":[{"@type":"ListItem","position":1,"name":"Accueil","item":"https:\/\/francsmacons-troyes.fr\/"},{"@type":"ListItem","position":2,"name":"Nos Valeurs"}]},{"@type":"WebSite","@id":"https:\/\/francsmacons-troyes.fr\/#website","url":"https:\/\/francsmacons-troyes.fr\/","name":"Grand Orient de France \u00e0 Troyes","description":"Les Loges Sine Cera, Imagine et l&#039;Aurore Sociale  vous accueillent","publisher":{"@id":"https:\/\/francsmacons-troyes.fr\/#organization"},"potentialAction":[{"@type":"SearchAction","target":{"@type":"EntryPoint","urlTemplate":"https:\/\/francsmacons-troyes.fr\/?s={search_term_string}"},"query-input":"required name=search_term_string"}],"inLanguage":"fr-FR"},{"@type":"Organization","@id":"https:\/\/francsmacons-troyes.fr\/#organization","name":"Francs Ma\u00e7on de Troyes","url":"https:\/\/francsmacons-troyes.fr\/","logo":{"@type":"ImageObject","inLanguage":"fr-FR","@id":"https:\/\/francsmacons-troyes.fr\/#\/schema\/logo\/image\/","url":"http:\/\/francsmacons-troyes.fr\/wp-content\/uploads\/2018\/07\/09-A-02.jpg","contentUrl":"http:\/\/francsmacons-troyes.fr\/wp-content\/uploads\/2018\/07\/09-A-02.jpg","width":980,"height":977,"caption":"Francs Ma\u00e7on de Troyes"},"image":{"@id":"https:\/\/francsmacons-troyes.fr\/#\/schema\/logo\/image\/"}}]}},"_links":{"self":[{"href":"https:\/\/francsmacons-troyes.fr\/index.php\/wp-json\/wp\/v2\/pages\/117"}],"collection":[{"href":"https:\/\/francsmacons-troyes.fr\/index.php\/wp-json\/wp\/v2\/pages"}],"about":[{"href":"https:\/\/francsmacons-troyes.fr\/index.php\/wp-json\/wp\/v2\/types\/page"}],"author":[{"embeddable":true,"href":"https:\/\/francsmacons-troyes.fr\/index.php\/wp-json\/wp\/v2\/users\/2"}],"replies":[{"embeddable":true,"href":"https:\/\/francsmacons-troyes.fr\/index.php\/wp-json\/wp\/v2\/comments?post=117"}],"version-history":[{"count":5,"href":"https:\/\/francsmacons-troyes.fr\/index.php\/wp-json\/wp\/v2\/pages\/117\/revisions"}],"predecessor-version":[{"id":223,"href":"https:\/\/francsmacons-troyes.fr\/index.php\/wp-json\/wp\/v2\/pages\/117\/revisions\/223"}],"wp:attachment":[{"href":"https:\/\/francsmacons-troyes.fr\/index.php\/wp-json\/wp\/v2\/media?parent=117"}],"curies":[{"name":"wp","href":"https:\/\/api.w.org\/{rel}","templated":true}]}}