{"id":80,"date":"2018-06-26T11:11:40","date_gmt":"2018-06-26T09:11:40","guid":{"rendered":"http:\/\/orient-troyes.fr\/?page_id=80"},"modified":"2025-12-09T11:05:32","modified_gmt":"2025-12-09T10:05:32","slug":"accueil","status":"publish","type":"page","link":"https:\/\/francsmacons-troyes.fr\/","title":{"rendered":"Accueil"},"content":{"rendered":"<p><img decoding=\"async\" loading=\"lazy\" class=\"alignnone size-medium wp-image-189\" src=\"http:\/\/francsmacons-troyes.fr\/wp-content\/uploads\/2018\/07\/06-A-01-225x300.jpg\" alt=\"\" width=\"225\" height=\"300\" srcset=\"https:\/\/francsmacons-troyes.fr\/wp-content\/uploads\/2018\/07\/06-A-01-225x300.jpg 225w, https:\/\/francsmacons-troyes.fr\/wp-content\/uploads\/2018\/07\/06-A-01-768x1024.jpg 768w, https:\/\/francsmacons-troyes.fr\/wp-content\/uploads\/2018\/07\/06-A-01.jpg 1704w\" sizes=\"(max-width: 225px) 100vw, 225px\" \/> <img decoding=\"async\" loading=\"lazy\" class=\"alignnone size-medium wp-image-188\" src=\"http:\/\/francsmacons-troyes.fr\/wp-content\/uploads\/2018\/07\/03-B-01-272x300.jpg\" alt=\"\" width=\"272\" height=\"300\" srcset=\"https:\/\/francsmacons-troyes.fr\/wp-content\/uploads\/2018\/07\/03-B-01-272x300.jpg 272w, https:\/\/francsmacons-troyes.fr\/wp-content\/uploads\/2018\/07\/03-B-01-768x847.jpg 768w, https:\/\/francsmacons-troyes.fr\/wp-content\/uploads\/2018\/07\/03-B-01-928x1024.jpg 928w, https:\/\/francsmacons-troyes.fr\/wp-content\/uploads\/2018\/07\/03-B-01.jpg 1476w\" sizes=\"(max-width: 272px) 100vw, 272px\" \/> <img decoding=\"async\" loading=\"lazy\" class=\"alignnone size-medium wp-image-187\" src=\"http:\/\/francsmacons-troyes.fr\/wp-content\/uploads\/2018\/07\/03-A-04-271x300.jpg\" alt=\"\" width=\"271\" height=\"300\" srcset=\"https:\/\/francsmacons-troyes.fr\/wp-content\/uploads\/2018\/07\/03-A-04-271x300.jpg 271w, https:\/\/francsmacons-troyes.fr\/wp-content\/uploads\/2018\/07\/03-A-04-768x851.jpg 768w, https:\/\/francsmacons-troyes.fr\/wp-content\/uploads\/2018\/07\/03-A-04-924x1024.jpg 924w, https:\/\/francsmacons-troyes.fr\/wp-content\/uploads\/2018\/07\/03-A-04.jpg 1920w\" sizes=\"(max-width: 271px) 100vw, 271px\" \/><\/p>\n<p>Les Loges\u00a0Ma\u00e7onniques l\u2019Aurore Sociale, Sine Cera, Imagine\u00a0vous souhaitent la bienvenue.<\/p>\n<p>Ces 3 loges appartiennent \u00e0 la f\u00e9d\u00e9ration de loges du Grand Orient de France qui est une ob\u00e9dience ma\u00e7onnique adogmatique et lib\u00e9rale, dans le sens qu\u2019elle respecte la libert\u00e9 de chacun.<\/p>\n<p>Ces loges accueillent des femmes et des hommes d\u00e9sireux d\u2019\u00e9difier une soci\u00e9t\u00e9 plus juste et plus fraternelle. Elles initient sans distinction les femmes et les hommes.<\/p>\n<p>Ce site vous permettra de vous familiariser avec les Loges\u00a0actives\u00a0du GODF sur la ville de Troyes,\u00a0de connaitre nos valeurs et notre d\u00e9marche initiatique et\u00a0\u00e9ventuellement de nous rejoindre.<\/p>\n<p>N\u2019h\u00e9sitez pas \u00e0 utiliser l&rsquo;onglet \u00ab\u00a0contact\u00a0\u00bb\u00a0du site afin de pouvoir \u00e9changer avec nous. Vous pourrez \u00e9galement, en apprendre plus sur la proc\u00e9dure d\u2019int\u00e9gration au sein de la Franc Ma\u00e7onnerie du GODF.<\/p>\n","protected":false},"excerpt":{"rendered":"<p>Les Loges\u00a0Ma\u00e7onniques l\u2019Aurore Sociale, Sine Cera, Imagine\u00a0vous souhaitent la bienvenue. Ces 3 loges appartiennent \u00e0 la f\u00e9d\u00e9ration de loges du Grand Orient de France qui est une ob\u00e9dience ma\u00e7onnique adogmatique et lib\u00e9rale, dans le sens qu\u2019elle respecte la libert\u00e9 de chacun. Ces loges accueillent des femmes et des hommes d\u00e9sireux d\u2019\u00e9difier une soci\u00e9t\u00e9 plus juste &#8230; <a title=\"Accueil\" class=\"read-more\" href=\"https:\/\/francsmacons-troyes.fr\/\" aria-label=\"En savoir plus sur Accueil\">Lire la suite<\/a><\/p>\n","protected":false},"author":2,"featured_media":0,"parent":0,"menu_order":0,"comment_status":"closed","ping_status":"closed","template":"","meta":[],"yoast_head":"<!-- This site is optimized with the Yoast SEO plugin v19.14 - https:\/\/yoast.com\/wordpress\/plugins\/seo\/ -->\n<title>Site des Loges du Grand Orient de France de Troyes<\/title>\n<meta name=\"description\" content=\"Site permettant de de prendre contact avec les loges du Grand Orient de France de Troyes afin de se familiariser ou de pouvoir int\u00e9grer la franc maconnerie.\" \/>\n<meta name=\"robots\" content=\"index, follow, max-snippet:-1, max-image-preview:large, max-video-preview:-1\" \/>\n<link rel=\"canonical\" href=\"https:\/\/francsmacons-troyes.fr\/\" \/>\n<meta property=\"og:locale\" content=\"fr_FR\" \/>\n<meta property=\"og:type\" content=\"article\" \/>\n<meta property=\"og:title\" content=\"Site des Loges du Grand Orient de France de Troyes\" \/>\n<meta property=\"og:description\" content=\"Site permettant de de prendre contact avec les loges du Grand Orient de France de Troyes afin de se familiariser ou de pouvoir int\u00e9grer la franc maconnerie.\" \/>\n<meta property=\"og:url\" content=\"https:\/\/francsmacons-troyes.fr\/\" \/>\n<meta property=\"og:site_name\" content=\"Grand Orient de France \u00e0 Troyes\" \/>\n<meta property=\"article:modified_time\" content=\"2025-12-09T10:05:32+00:00\" \/>\n<meta property=\"og:image\" content=\"http:\/\/francsmacons-troyes.fr\/wp-content\/uploads\/2018\/07\/06-A-01-225x300.jpg\" \/>\n<meta name=\"twitter:card\" content=\"summary_large_image\" \/>\n<meta name=\"twitter:label1\" content=\"Dur\u00e9e de lecture estim\u00e9e\" \/>\n\t<meta name=\"twitter:data1\" content=\"2 minutes\" \/>\n<script type=\"application\/ld+json\" class=\"yoast-schema-graph\">{\"@context\":\"https:\/\/schema.org\",\"@graph\":[{\"@type\":\"WebPage\",\"@id\":\"https:\/\/francsmacons-troyes.fr\/\",\"url\":\"https:\/\/francsmacons-troyes.fr\/\",\"name\":\"Site des Loges du Grand Orient de France de Troyes\",\"isPartOf\":{\"@id\":\"https:\/\/francsmacons-troyes.fr\/#website\"},\"datePublished\":\"2018-06-26T09:11:40+00:00\",\"dateModified\":\"2025-12-09T10:05:32+00:00\",\"description\":\"Site permettant de de prendre contact avec les loges du Grand Orient de France de Troyes afin de se familiariser ou de pouvoir int\u00e9grer la franc maconnerie.\",\"breadcrumb\":{\"@id\":\"https:\/\/francsmacons-troyes.fr\/#breadcrumb\"},\"inLanguage\":\"fr-FR\",\"potentialAction\":[{\"@type\":\"ReadAction\",\"target\":[\"https:\/\/francsmacons-troyes.fr\/\"]}]},{\"@type\":\"BreadcrumbList\",\"@id\":\"https:\/\/francsmacons-troyes.fr\/#breadcrumb\",\"itemListElement\":[{\"@type\":\"ListItem\",\"position\":1,\"name\":\"Accueil\",\"item\":\"https:\/\/francsmacons-troyes.fr\/\"},{\"@type\":\"ListItem\",\"position\":2,\"name\":\"Accueil\"}]},{\"@type\":\"WebSite\",\"@id\":\"https:\/\/francsmacons-troyes.fr\/#website\",\"url\":\"https:\/\/francsmacons-troyes.fr\/\",\"name\":\"Grand Orient de France \u00e0 Troyes\",\"description\":\"Les Loges Sine Cera, Imagine et l&#039;Aurore Sociale  vous accueillent\",\"publisher\":{\"@id\":\"https:\/\/francsmacons-troyes.fr\/#organization\"},\"potentialAction\":[{\"@type\":\"SearchAction\",\"target\":{\"@type\":\"EntryPoint\",\"urlTemplate\":\"https:\/\/francsmacons-troyes.fr\/?s={search_term_string}\"},\"query-input\":\"required name=search_term_string\"}],\"inLanguage\":\"fr-FR\"},{\"@type\":\"Organization\",\"@id\":\"https:\/\/francsmacons-troyes.fr\/#organization\",\"name\":\"Francs Ma\u00e7on de Troyes\",\"url\":\"https:\/\/francsmacons-troyes.fr\/\",\"logo\":{\"@type\":\"ImageObject\",\"inLanguage\":\"fr-FR\",\"@id\":\"https:\/\/francsmacons-troyes.fr\/#\/schema\/logo\/image\/\",\"url\":\"http:\/\/francsmacons-troyes.fr\/wp-content\/uploads\/2018\/07\/09-A-02.jpg\",\"contentUrl\":\"http:\/\/francsmacons-troyes.fr\/wp-content\/uploads\/2018\/07\/09-A-02.jpg\",\"width\":980,\"height\":977,\"caption\":\"Francs Ma\u00e7on de Troyes\"},\"image\":{\"@id\":\"https:\/\/francsmacons-troyes.fr\/#\/schema\/logo\/image\/\"}}]}<\/script>\n<!-- \/ Yoast SEO plugin. -->","yoast_head_json":{"title":"Site des Loges du Grand Orient de France de Troyes","description":"Site permettant de de prendre contact avec les loges du Grand Orient de France de Troyes afin de se familiariser ou de pouvoir int\u00e9grer la franc maconnerie.","robots":{"index":"index","follow":"follow","max-snippet":"max-snippet:-1","max-image-preview":"max-image-preview:large","max-video-preview":"max-video-preview:-1"},"canonical":"https:\/\/francsmacons-troyes.fr\/","og_locale":"fr_FR","og_type":"article","og_title":"Site des Loges du Grand Orient de France de Troyes","og_description":"Site permettant de de prendre contact avec les loges du Grand Orient de France de Troyes afin de se familiariser ou de pouvoir int\u00e9grer la franc maconnerie.","og_url":"https:\/\/francsmacons-troyes.fr\/","og_site_name":"Grand Orient de France \u00e0 Troyes","article_modified_time":"2025-12-09T10:05:32+00:00","og_image":[{"url":"http:\/\/francsmacons-troyes.fr\/wp-content\/uploads\/2018\/07\/06-A-01-225x300.jpg"}],"twitter_card":"summary_large_image","twitter_misc":{"Dur\u00e9e de lecture estim\u00e9e":"2 minutes"},"schema":{"@context":"https:\/\/schema.org","@graph":[{"@type":"WebPage","@id":"https:\/\/francsmacons-troyes.fr\/","url":"https:\/\/francsmacons-troyes.fr\/","name":"Site des Loges du Grand Orient de France de Troyes","isPartOf":{"@id":"https:\/\/francsmacons-troyes.fr\/#website"},"datePublished":"2018-06-26T09:11:40+00:00","dateModified":"2025-12-09T10:05:32+00:00","description":"Site permettant de de prendre contact avec les loges du Grand Orient de France de Troyes afin de se familiariser ou de pouvoir int\u00e9grer la franc maconnerie.","breadcrumb":{"@id":"https:\/\/francsmacons-troyes.fr\/#breadcrumb"},"inLanguage":"fr-FR","potentialAction":[{"@type":"ReadAction","target":["https:\/\/francsmacons-troyes.fr\/"]}]},{"@type":"BreadcrumbList","@id":"https:\/\/francsmacons-troyes.fr\/#breadcrumb","itemListElement":[{"@type":"ListItem","position":1,"name":"Accueil","item":"https:\/\/francsmacons-troyes.fr\/"},{"@type":"ListItem","position":2,"name":"Accueil"}]},{"@type":"WebSite","@id":"https:\/\/francsmacons-troyes.fr\/#website","url":"https:\/\/francsmacons-troyes.fr\/","name":"Grand Orient de France \u00e0 Troyes","description":"Les Loges Sine Cera, Imagine et l&#039;Aurore Sociale  vous accueillent","publisher":{"@id":"https:\/\/francsmacons-troyes.fr\/#organization"},"potentialAction":[{"@type":"SearchAction","target":{"@type":"EntryPoint","urlTemplate":"https:\/\/francsmacons-troyes.fr\/?s={search_term_string}"},"query-input":"required name=search_term_string"}],"inLanguage":"fr-FR"},{"@type":"Organization","@id":"https:\/\/francsmacons-troyes.fr\/#organization","name":"Francs Ma\u00e7on de Troyes","url":"https:\/\/francsmacons-troyes.fr\/","logo":{"@type":"ImageObject","inLanguage":"fr-FR","@id":"https:\/\/francsmacons-troyes.fr\/#\/schema\/logo\/image\/","url":"http:\/\/francsmacons-troyes.fr\/wp-content\/uploads\/2018\/07\/09-A-02.jpg","contentUrl":"http:\/\/francsmacons-troyes.fr\/wp-content\/uploads\/2018\/07\/09-A-02.jpg","width":980,"height":977,"caption":"Francs Ma\u00e7on de Troyes"},"image":{"@id":"https:\/\/francsmacons-troyes.fr\/#\/schema\/logo\/image\/"}}]}},"_links":{"self":[{"href":"https:\/\/francsmacons-troyes.fr\/index.php\/wp-json\/wp\/v2\/pages\/80"}],"collection":[{"href":"https:\/\/francsmacons-troyes.fr\/index.php\/wp-json\/wp\/v2\/pages"}],"about":[{"href":"https:\/\/francsmacons-troyes.fr\/index.php\/wp-json\/wp\/v2\/types\/page"}],"author":[{"embeddable":true,"href":"https:\/\/francsmacons-troyes.fr\/index.php\/wp-json\/wp\/v2\/users\/2"}],"replies":[{"embeddable":true,"href":"https:\/\/francsmacons-troyes.fr\/index.php\/wp-json\/wp\/v2\/comments?post=80"}],"version-history":[{"count":13,"href":"https:\/\/francsmacons-troyes.fr\/index.php\/wp-json\/wp\/v2\/pages\/80\/revisions"}],"predecessor-version":[{"id":308,"href":"https:\/\/francsmacons-troyes.fr\/index.php\/wp-json\/wp\/v2\/pages\/80\/revisions\/308"}],"wp:attachment":[{"href":"https:\/\/francsmacons-troyes.fr\/index.php\/wp-json\/wp\/v2\/media?parent=80"}],"curies":[{"name":"wp","href":"https:\/\/api.w.org\/{rel}","templated":true}]}}